{"id":2,"date":"2015-09-14T09:32:51","date_gmt":"2015-09-14T08:32:51","guid":{"rendered":"http:\/\/registration.mp-logistics.eu\/?page_id=2"},"modified":"2017-12-21T14:12:29","modified_gmt":"2017-12-21T13:12:29","slug":"urenregistratie","status":"publish","type":"page","link":"https:\/\/registration.mp-logistics.eu\/pl\/","title":{"rendered":"Karta pracy"},"content":{"rendered":"<p><p>\u017beby wype\u0142ni\u0107 Kart\u0119 pracy prosimy si\u0119 zalogowa\u0107.<br \/><br \/>\r\n<div class=\"tml tml-login\">\n<div class=\"tml-alerts\"><\/div><form name=\"login\" action=\"https:\/\/registration.mp-logistics.eu\/pl\/login\/\" method=\"post\">\n<div class=\"tml-field-wrap tml-log-wrap\">\n<label class=\"tml-label\" for=\"user_login\">Nazwa u\u017cytkownika lub adres e-mail<\/label>\n<input name=\"log\" type=\"text\" value=\"\" id=\"user_login\" autocapitalize=\"off\" class=\"tml-field\">\n<\/div>\n\n<div class=\"tml-field-wrap tml-pwd-wrap\">\n<label class=\"tml-label\" for=\"user_pass\">Has\u0142o<\/label>\n<input name=\"pwd\" type=\"password\" value=\"\" id=\"user_pass\" class=\"tml-field\">\n<\/div>\n\n\n<div class=\"tml-field-wrap tml-rememberme-wrap\">\n<input name=\"rememberme\" type=\"checkbox\" value=\"forever\" id=\"rememberme\" class=\"tml-checkbox\">\n<label class=\"tml-label\" for=\"rememberme\">Zapami\u0119taj mnie<\/label>\n<\/div>\n\n<div class=\"tml-field-wrap tml-submit-wrap\">\n<button name=\"submit\" type=\"submit\" class=\"tml-button\">Zaloguj si\u0119<\/button>\n<\/div>\n\n<input name=\"redirect_to\" type=\"hidden\" value=\"https:\/\/registration.mp-logistics.eu\/wp-admin\/\">\n\n<\/form>\n<ul class=\"tml-links\"><li class=\"tml-lostpassword-link\"><a href=\"https:\/\/registration.mp-logistics.eu\/pl\/lostpassword\/\">Nie pami\u0119tasz has\u0142a?<\/a><\/li><\/ul><\/div>\n<\/p><\/p>","protected":false},"excerpt":{"rendered":"","protected":false},"author":1,"featured_media":0,"parent":0,"menu_order":0,"comment_status":"open","ping_status":"open","template":"","meta":[],"categories":[],"tags":[],"acf":[],"_links":{"self":[{"href":"https:\/\/registration.mp-logistics.eu\/pl\/wp-json\/wp\/v2\/pages\/2"}],"collection":[{"href":"https:\/\/registration.mp-logistics.eu\/pl\/wp-json\/wp\/v2\/pages"}],"about":[{"href":"https:\/\/registration.mp-logistics.eu\/pl\/wp-json\/wp\/v2\/types\/page"}],"author":[{"embeddable":true,"href":"https:\/\/registration.mp-logistics.eu\/pl\/wp-json\/wp\/v2\/users\/1"}],"replies":[{"embeddable":true,"href":"https:\/\/registration.mp-logistics.eu\/pl\/wp-json\/wp\/v2\/comments?post=2"}],"version-history":[{"count":10,"href":"https:\/\/registration.mp-logistics.eu\/pl\/wp-json\/wp\/v2\/pages\/2\/revisions"}],"predecessor-version":[{"id":380,"href":"https:\/\/registration.mp-logistics.eu\/pl\/wp-json\/wp\/v2\/pages\/2\/revisions\/380"}],"wp:attachment":[{"href":"https:\/\/registration.mp-logistics.eu\/pl\/wp-json\/wp\/v2\/media?parent=2"}],"wp:term":[{"taxonomy":"category","embeddable":true,"href":"https:\/\/registration.mp-logistics.eu\/pl\/wp-json\/wp\/v2\/categories?post=2"},{"taxonomy":"post_tag","embeddable":true,"href":"https:\/\/registration.mp-logistics.eu\/pl\/wp-json\/wp\/v2\/tags?post=2"}],"curies":[{"name":"wp","href":"https:\/\/api.w.org\/{rel}","templated":true}]}}